{"id":129,"date":"2025-05-02T16:57:46","date_gmt":"2025-05-02T21:57:46","guid":{"rendered":"https:\/\/medisaluddelcauca.com\/?page_id=129"},"modified":"2025-05-04T13:26:34","modified_gmt":"2025-05-04T18:26:34","slug":"pqrsf","status":"publish","type":"page","link":"https:\/\/www.medisaluddelcauca.com\/ips\/pqrsf\/","title":{"rendered":"PQRSF"},"content":{"rendered":"<div class=\"wpb-content-wrapper\"><p>[vc_row css=&#8221;.vc_custom_1746383078776{margin-top: 5% !important;}&#8221; conditional_render=&#8221;%5B%7B%22value_role%22%3A%22administrator%22%7D%5D&#8221;][vc_column][vc_column_text]<\/p>\n<p style=\"font-family: 'Titillium Web', sans-serif; font-size: 35pt; line-height: 1; font-weight: bold; color: #2a3c4d; text-align: center;\">PQRS<\/p>\n<p style=\"text-align: center; font-size: 12pt;\">Formulario de diligenciamiento de quejas, reclamos, sugerencias y felicitaciones<\/p>\n<p>[\/vc_column_text][vc_row_inner css=&#8221;.vc_custom_1746383200095{padding-right: 7% !important;padding-left: 7% !important;}&#8221;][vc_column_inner]\n<div class=\"wpcf7 no-js\" id=\"wpcf7-f157-o1\" lang=\"es-CO\" dir=\"ltr\" data-wpcf7-id=\"157\">\n<div class=\"screen-reader-response\"><p role=\"status\" aria-live=\"polite\" aria-atomic=\"true\"><\/p> <ul><\/ul><\/div>\n<form action=\"\/ips\/wp-json\/wp\/v2\/pages\/129#wpcf7-f157-o1\" method=\"post\" class=\"wpcf7-form init\" aria-label=\"Formulario de contacto\" enctype=\"multipart\/form-data\" novalidate=\"novalidate\" data-status=\"init\">\n<fieldset class=\"hidden-fields-container\"><input type=\"hidden\" name=\"_wpcf7\" value=\"157\" \/><input type=\"hidden\" name=\"_wpcf7_version\" value=\"6.1.5\" \/><input type=\"hidden\" name=\"_wpcf7_locale\" value=\"es_CO\" \/><input type=\"hidden\" name=\"_wpcf7_unit_tag\" value=\"wpcf7-f157-o1\" \/><input type=\"hidden\" name=\"_wpcf7_container_post\" value=\"0\" \/><input type=\"hidden\" name=\"_wpcf7_posted_data_hash\" value=\"\" \/>\n<\/fieldset>\n<div class=\"row\">\n\t<div class=\"col-12 col-sm-12\">\n\t\t<div class=\"form-group\">\n\t\t\t<p><label>Tipo de solicitud :<\/label><br \/>\n<span class=\"wpcf7-form-control-wrap\" data-name=\"solicitud\"><select class=\"wpcf7-form-control wpcf7-select wpcf7-validates-as-required\" aria-required=\"true\" aria-invalid=\"false\" name=\"solicitud\"><option value=\"Peticion\">Peticion<\/option><option value=\"queja\">queja<\/option><option value=\"reclamo\">reclamo<\/option><option value=\"sugerencia\">sugerencia<\/option><option value=\"felicitacion\">felicitacion<\/option><\/select><\/span>\n\t\t\t<\/p>\n\t\t<\/div>\n\t<\/div>\n\t<div class=\"col-12 col-sm-12 col-md-6\">\n\t\t<div class=\"form-group\">\n\t\t\t<p><label>Nombre:<\/label><br \/>\n<span class=\"wpcf7-form-control-wrap\" data-name=\"nombre\"><input size=\"40\" maxlength=\"400\" class=\"wpcf7-form-control wpcf7-text wpcf7-validates-as-required form-control\" aria-required=\"true\" aria-invalid=\"false\" placeholder=\"Escribe aqu\u00ed tu nombre...\" value=\"\" type=\"text\" name=\"nombre\" \/><\/span>\n\t\t\t<\/p>\n\t\t<\/div>\n\t<\/div>\n\t<div class=\"col-12 col-sm-12 col-md-6\">\n\t\t<div class=\"form-group\">\n\t\t\t<p><label>Apellido:<\/label><br \/>\n<span class=\"wpcf7-form-control-wrap\" data-name=\"apellido\"><input size=\"40\" maxlength=\"400\" class=\"wpcf7-form-control wpcf7-text wpcf7-validates-as-required form-control\" aria-required=\"true\" aria-invalid=\"false\" placeholder=\"Escribe aqu\u00ed tu apellido...\" value=\"\" type=\"text\" name=\"apellido\" \/><\/span>\n\t\t\t<\/p>\n\t\t<\/div>\n\t<\/div>\n\t<div class=\"col-12 col-sm-12 col-md-6\">\n\t\t<div class=\"form-group\">\n\t\t\t<p><label>Numero de documento:<\/label><br \/>\n<span class=\"wpcf7-form-control-wrap\" data-name=\"documento\"><input size=\"40\" maxlength=\"400\" class=\"wpcf7-form-control wpcf7-text wpcf7-validates-as-required form-control\" aria-required=\"true\" aria-invalid=\"false\" placeholder=\"Escribe aqu\u00ed tu documento...\" value=\"\" type=\"text\" name=\"documento\" \/><\/span>\n\t\t\t<\/p>\n\t\t<\/div>\n\t<\/div>\n\t<div class=\"col-12 col-sm-6\">\n\t\t<div class=\"form-group\">\n\t\t\t<p><label>Correo electronico:<\/label><br \/>\n<span class=\"wpcf7-form-control-wrap\" data-name=\"correo\"><input size=\"40\" maxlength=\"400\" class=\"wpcf7-form-control wpcf7-email wpcf7-validates-as-required wpcf7-text wpcf7-validates-as-email form-control\" aria-required=\"true\" aria-invalid=\"false\" placeholder=\"Escribe aqu\u00ed tu correo...\" value=\"\" type=\"email\" name=\"correo\" \/><\/span>\n\t\t\t<\/p>\n\t\t<\/div>\n\t<\/div>\n\t<div class=\"col-12 col-sm-6\">\n\t\t<div class=\"form-group\">\n\t\t\t<p><label>Tel\u00e9fono:<\/label><br \/>\n<span class=\"wpcf7-form-control-wrap\" data-name=\"telefono\"><input size=\"40\" maxlength=\"400\" class=\"wpcf7-form-control wpcf7-text wpcf7-validates-as-required form-control\" aria-required=\"true\" aria-invalid=\"false\" placeholder=\"Escribe aqu\u00ed tu n\u00famero de tel\u00e9fono...\" value=\"\" type=\"text\" name=\"telefono\" \/><\/span>\n\t\t\t<\/p>\n\t\t<\/div>\n\t<\/div>\n\t<div class=\"col-12 col-sm-12\">\n\t\t<div class=\"form-group\">\n\t\t\t<p><label>Mensaje:<\/label><br \/>\n<span class=\"wpcf7-form-control-wrap\" data-name=\"mensaje\"><textarea cols=\"40\" rows=\"10\" maxlength=\"2000\" class=\"wpcf7-form-control wpcf7-textarea wpcf7-validates-as-required form-control\" aria-required=\"true\" aria-invalid=\"false\" placeholder=\"\u00bfC\u00f3mo te podemos ayudar?...\" name=\"mensaje\"><\/textarea><\/span>\n\t\t\t<\/p>\n\t\t<\/div>\n\t<\/div>\n\t<div class=\"col-12 col-sm-12\">\n\t\t<div class=\"form-group\">\n\t\t\t<p><span class=\"wpcf7-form-control-wrap\" data-name=\"acepto\"><span class=\"wpcf7-form-control wpcf7-acceptance\"><span class=\"wpcf7-list-item\"><label><input type=\"checkbox\" name=\"acepto\" value=\"1\" aria-invalid=\"false\" \/><span class=\"wpcf7-list-item-label\">Acepto las pol\u00edticas de tratamiento de datos personales de mis datos<\/span><\/label><\/span><\/span><\/span>\n\t\t\t<\/p>\n\t\t<\/div>\n\t<\/div>\n\t<div class=\"col-12 col-sm-12\">\n\t\t<div class=\"form-group\">\n\t\t\t<p><label>Adjuntar archivo:<\/label><br \/>\n<span class=\"wpcf7-form-control-wrap\" data-name=\"archivo\"><input size=\"40\" class=\"wpcf7-form-control wpcf7-file\" accept=\"audio\/*,video\/*,image\/*\" aria-invalid=\"false\" type=\"file\" name=\"archivo\" \/><\/span>\n\t\t\t<\/p>\n\t\t<\/div>\n\t<\/div>\n\t<div class=\"col-12 col-sm-12\">\n\t\t<div class=\"form-group\">\n\t\t\t<p><input class=\"wpcf7-form-control wpcf7-submit has-spinner button bg-blue-dark color-white\" type=\"submit\" value=\"Enviar\" \/>\n\t\t\t<\/p>\n\t\t<\/div>\n\t<\/div>\n<\/div><div class=\"wpcf7-response-output\" aria-hidden=\"true\"><\/div>\n<\/form>\n<\/div>\n[\/vc_column_inner][\/vc_row_inner][\/vc_column][\/vc_row]<\/p>\n<\/div>","protected":false},"excerpt":{"rendered":"<p>[vc_row css=&#8221;.vc_custom_1746383078776{margin-top: 5% !important;}&#8221; conditional_render=&#8221;%5B%7B%22value_role%22%3A%22administrator%22%7D%5D&#8221;][vc_column][vc_column_text] PQRS Formulario de diligenciamiento de quejas, reclamos, sugerencias y felicitaciones [\/vc_column_text][vc_row_inner css=&#8221;.vc_custom_1746383200095{padding-right: 7% !important;padding-left: 7% !important;}&#8221;][vc_column_inner][\/vc_column_inner][\/vc_row_inner][\/vc_column][\/vc_row]<\/p>\n","protected":false},"author":1,"featured_media":0,"parent":0,"menu_order":0,"comment_status":"closed","ping_status":"closed","template":"","meta":{"_joinchat":[],"footnotes":""},"class_list":["post-129","page","type-page","status-publish","hentry"],"yoast_head":"<!-- This site is optimized with the Yoast SEO plugin v25.1 - https:\/\/yoast.com\/wordpress\/plugins\/seo\/ -->\n<title>PQRSF - Medisalud del cauca ips<\/title>\n<meta name=\"robots\" content=\"index, follow, max-snippet:-1, max-image-preview:large, max-video-preview:-1\" \/>\n<link rel=\"canonical\" href=\"https:\/\/www.medisaluddelcauca.com\/ips\/pqrsf\/\" \/>\n<meta property=\"og:locale\" content=\"es_ES\" \/>\n<meta property=\"og:type\" content=\"article\" \/>\n<meta property=\"og:title\" content=\"PQRSF - Medisalud del cauca ips\" \/>\n<meta property=\"og:description\" content=\"[vc_row css=&#8221;.vc_custom_1746383078776{margin-top: 5% !important;}&#8221; conditional_render=&#8221;%5B%7B%22value_role%22%3A%22administrator%22%7D%5D&#8221;][vc_column][vc_column_text] PQRS Formulario de diligenciamiento de quejas, reclamos, sugerencias y felicitaciones [\/vc_column_text][vc_row_inner css=&#8221;.vc_custom_1746383200095{padding-right: 7% !important;padding-left: 7% !important;}&#8221;][vc_column_inner][\/vc_column_inner][\/vc_row_inner][\/vc_column][\/vc_row]\" \/>\n<meta property=\"og:url\" content=\"https:\/\/www.medisaluddelcauca.com\/ips\/pqrsf\/\" \/>\n<meta property=\"og:site_name\" content=\"Medisalud del cauca ips\" \/>\n<meta property=\"article:modified_time\" content=\"2025-05-04T18:26:34+00:00\" \/>\n<meta property=\"og:image\" content=\"https:\/\/www.medisaluddelcauca.com\/ips\/wp-content\/uploads\/2025\/05\/logos-MS-Medisalud.png\" \/>\n\t<meta property=\"og:image:width\" content=\"2362\" \/>\n\t<meta property=\"og:image:height\" content=\"827\" \/>\n\t<meta property=\"og:image:type\" content=\"image\/png\" \/>\n<meta name=\"twitter:card\" content=\"summary_large_image\" \/>\n<script type=\"application\/ld+json\" class=\"yoast-schema-graph\">{\"@context\":\"https:\/\/schema.org\",\"@graph\":[{\"@type\":\"WebPage\",\"@id\":\"https:\/\/www.medisaluddelcauca.com\/ips\/pqrsf\/\",\"url\":\"https:\/\/www.medisaluddelcauca.com\/ips\/pqrsf\/\",\"name\":\"PQRSF - Medisalud del cauca ips\",\"isPartOf\":{\"@id\":\"https:\/\/www.medisaluddelcauca.com\/ips\/#website\"},\"datePublished\":\"2025-05-02T21:57:46+00:00\",\"dateModified\":\"2025-05-04T18:26:34+00:00\",\"breadcrumb\":{\"@id\":\"https:\/\/www.medisaluddelcauca.com\/ips\/pqrsf\/#breadcrumb\"},\"inLanguage\":\"es-CO\",\"potentialAction\":[{\"@type\":\"ReadAction\",\"target\":[\"https:\/\/www.medisaluddelcauca.com\/ips\/pqrsf\/\"]}]},{\"@type\":\"BreadcrumbList\",\"@id\":\"https:\/\/www.medisaluddelcauca.com\/ips\/pqrsf\/#breadcrumb\",\"itemListElement\":[{\"@type\":\"ListItem\",\"position\":1,\"name\":\"Inicio\",\"item\":\"https:\/\/www.medisaluddelcauca.com\/ips\/\"},{\"@type\":\"ListItem\",\"position\":2,\"name\":\"PQRSF\"}]},{\"@type\":\"WebSite\",\"@id\":\"https:\/\/www.medisaluddelcauca.com\/ips\/#website\",\"url\":\"https:\/\/www.medisaluddelcauca.com\/ips\/\",\"name\":\"medisaluddelcauca.com\/ips\",\"description\":\"IPS en Nechi\",\"publisher\":{\"@id\":\"https:\/\/www.medisaluddelcauca.com\/ips\/#organization\"},\"potentialAction\":[{\"@type\":\"SearchAction\",\"target\":{\"@type\":\"EntryPoint\",\"urlTemplate\":\"https:\/\/www.medisaluddelcauca.com\/ips\/?s={search_term_string}\"},\"query-input\":{\"@type\":\"PropertyValueSpecification\",\"valueRequired\":true,\"valueName\":\"search_term_string\"}}],\"inLanguage\":\"es-CO\"},{\"@type\":\"Organization\",\"@id\":\"https:\/\/www.medisaluddelcauca.com\/ips\/#organization\",\"name\":\"Medisalud del cauca IPS\",\"url\":\"https:\/\/www.medisaluddelcauca.com\/ips\/\",\"logo\":{\"@type\":\"ImageObject\",\"inLanguage\":\"es-CO\",\"@id\":\"https:\/\/www.medisaluddelcauca.com\/ips\/#\/schema\/logo\/image\/\",\"url\":\"https:\/\/www.medisaluddelcauca.com\/ips\/wp-content\/uploads\/2025\/05\/logos-MS-Medisalud.png\",\"contentUrl\":\"https:\/\/www.medisaluddelcauca.com\/ips\/wp-content\/uploads\/2025\/05\/logos-MS-Medisalud.png\",\"width\":2362,\"height\":827,\"caption\":\"Medisalud del cauca IPS\"},\"image\":{\"@id\":\"https:\/\/www.medisaluddelcauca.com\/ips\/#\/schema\/logo\/image\/\"}}]}<\/script>\n<!-- \/ Yoast SEO plugin. -->","yoast_head_json":{"title":"PQRSF - Medisalud del cauca ips","robots":{"index":"index","follow":"follow","max-snippet":"max-snippet:-1","max-image-preview":"max-image-preview:large","max-video-preview":"max-video-preview:-1"},"canonical":"https:\/\/www.medisaluddelcauca.com\/ips\/pqrsf\/","og_locale":"es_ES","og_type":"article","og_title":"PQRSF - Medisalud del cauca ips","og_description":"[vc_row css=&#8221;.vc_custom_1746383078776{margin-top: 5% !important;}&#8221; conditional_render=&#8221;%5B%7B%22value_role%22%3A%22administrator%22%7D%5D&#8221;][vc_column][vc_column_text] PQRS Formulario de diligenciamiento de quejas, reclamos, sugerencias y felicitaciones [\/vc_column_text][vc_row_inner css=&#8221;.vc_custom_1746383200095{padding-right: 7% !important;padding-left: 7% !important;}&#8221;][vc_column_inner][\/vc_column_inner][\/vc_row_inner][\/vc_column][\/vc_row]","og_url":"https:\/\/www.medisaluddelcauca.com\/ips\/pqrsf\/","og_site_name":"Medisalud del cauca ips","article_modified_time":"2025-05-04T18:26:34+00:00","og_image":[{"width":2362,"height":827,"url":"https:\/\/www.medisaluddelcauca.com\/ips\/wp-content\/uploads\/2025\/05\/logos-MS-Medisalud.png","type":"image\/png"}],"twitter_card":"summary_large_image","schema":{"@context":"https:\/\/schema.org","@graph":[{"@type":"WebPage","@id":"https:\/\/www.medisaluddelcauca.com\/ips\/pqrsf\/","url":"https:\/\/www.medisaluddelcauca.com\/ips\/pqrsf\/","name":"PQRSF - Medisalud del cauca ips","isPartOf":{"@id":"https:\/\/www.medisaluddelcauca.com\/ips\/#website"},"datePublished":"2025-05-02T21:57:46+00:00","dateModified":"2025-05-04T18:26:34+00:00","breadcrumb":{"@id":"https:\/\/www.medisaluddelcauca.com\/ips\/pqrsf\/#breadcrumb"},"inLanguage":"es-CO","potentialAction":[{"@type":"ReadAction","target":["https:\/\/www.medisaluddelcauca.com\/ips\/pqrsf\/"]}]},{"@type":"BreadcrumbList","@id":"https:\/\/www.medisaluddelcauca.com\/ips\/pqrsf\/#breadcrumb","itemListElement":[{"@type":"ListItem","position":1,"name":"Inicio","item":"https:\/\/www.medisaluddelcauca.com\/ips\/"},{"@type":"ListItem","position":2,"name":"PQRSF"}]},{"@type":"WebSite","@id":"https:\/\/www.medisaluddelcauca.com\/ips\/#website","url":"https:\/\/www.medisaluddelcauca.com\/ips\/","name":"medisaluddelcauca.com\/ips","description":"IPS en Nechi","publisher":{"@id":"https:\/\/www.medisaluddelcauca.com\/ips\/#organization"},"potentialAction":[{"@type":"SearchAction","target":{"@type":"EntryPoint","urlTemplate":"https:\/\/www.medisaluddelcauca.com\/ips\/?s={search_term_string}"},"query-input":{"@type":"PropertyValueSpecification","valueRequired":true,"valueName":"search_term_string"}}],"inLanguage":"es-CO"},{"@type":"Organization","@id":"https:\/\/www.medisaluddelcauca.com\/ips\/#organization","name":"Medisalud del cauca IPS","url":"https:\/\/www.medisaluddelcauca.com\/ips\/","logo":{"@type":"ImageObject","inLanguage":"es-CO","@id":"https:\/\/www.medisaluddelcauca.com\/ips\/#\/schema\/logo\/image\/","url":"https:\/\/www.medisaluddelcauca.com\/ips\/wp-content\/uploads\/2025\/05\/logos-MS-Medisalud.png","contentUrl":"https:\/\/www.medisaluddelcauca.com\/ips\/wp-content\/uploads\/2025\/05\/logos-MS-Medisalud.png","width":2362,"height":827,"caption":"Medisalud del cauca IPS"},"image":{"@id":"https:\/\/www.medisaluddelcauca.com\/ips\/#\/schema\/logo\/image\/"}}]}},"_links":{"self":[{"href":"https:\/\/www.medisaluddelcauca.com\/ips\/wp-json\/wp\/v2\/pages\/129","targetHints":{"allow":["GET"]}}],"collection":[{"href":"https:\/\/www.medisaluddelcauca.com\/ips\/wp-json\/wp\/v2\/pages"}],"about":[{"href":"https:\/\/www.medisaluddelcauca.com\/ips\/wp-json\/wp\/v2\/types\/page"}],"author":[{"embeddable":true,"href":"https:\/\/www.medisaluddelcauca.com\/ips\/wp-json\/wp\/v2\/users\/1"}],"replies":[{"embeddable":true,"href":"https:\/\/www.medisaluddelcauca.com\/ips\/wp-json\/wp\/v2\/comments?post=129"}],"version-history":[{"count":0,"href":"https:\/\/www.medisaluddelcauca.com\/ips\/wp-json\/wp\/v2\/pages\/129\/revisions"}],"wp:attachment":[{"href":"https:\/\/www.medisaluddelcauca.com\/ips\/wp-json\/wp\/v2\/media?parent=129"}],"curies":[{"name":"wp","href":"https:\/\/api.w.org\/{rel}","templated":true}]}}